{"id":128,"date":"2024-09-12T14:33:26","date_gmt":"2024-09-12T14:33:26","guid":{"rendered":"https:\/\/p8.miexpertodigital1.eu\/?page_id=128"},"modified":"2025-08-25T17:29:32","modified_gmt":"2025-08-25T17:29:32","slug":"aviso-legal","status":"publish","type":"page","link":"https:\/\/lasdehesillas.websmiexperto.com\/en\/aviso-legal\/","title":{"rendered":"Legal Notice"},"content":{"rendered":"<div data-elementor-type=\"wp-post\" data-elementor-id=\"128\" class=\"elementor elementor-128\" data-elementor-post-type=\"page\">\n\t\t\t\t<div class=\"elementor-element elementor-element-8144dbb e-flex e-con-boxed e-con e-parent\" data-id=\"8144dbb\" data-element_type=\"container\" data-settings=\"{&quot;background_background&quot;:&quot;classic&quot;}\">\n\t\t\t\t\t<div class=\"e-con-inner\">\n\t\t<div class=\"elementor-element elementor-element-8b50152 e-con-full e-flex e-con e-child\" data-id=\"8b50152\" data-element_type=\"container\" data-settings=\"{&quot;background_background&quot;:&quot;classic&quot;}\">\n\t\t<div class=\"elementor-element elementor-element-b4013b7 e-con-full e-flex e-con e-child\" data-id=\"b4013b7\" data-element_type=\"container\">\n\t\t<div class=\"elementor-element elementor-element-6fd1daa e-con-full e-flex e-con e-child\" data-id=\"6fd1daa\" data-element_type=\"container\">\n\t\t\t\t<div class=\"elementor-element elementor-element-6a6b676 elementor-widget elementor-widget-mdp-crumber-elementor\" data-id=\"6a6b676\" data-element_type=\"widget\" data-widget_type=\"mdp-crumber-elementor.default\">\n\t\t\t\t<div class=\"elementor-widget-container\">\n\t\t\t\t\t        <!-- Start Crumber for Elementor WordPress Plugin -->\n\t\t            <div class=\"mdp-crumber-elementor-box\">\n                <div class=\"mdp-crumber-elementor-breadcrumbs\">\n\t\t\t\t\t        <div class=\"mdp-crumber-elementor-breadcrumbs-item  mdp-crumber-elementor-breadcrumbs-icon-position-\">\n\t\t\t\t\t\t\t\t\t\t\t\t                    <span>Home<\/span>\n\t\t\t\t\t\t\t        <\/div>\n\t\t            <span class=\"mdp-crumber-elementor-separator mdp-crumber-elementor-separator-hide-last\">\n            \/        <\/span>\n\t\t\t\t        <div class=\"mdp-crumber-elementor-breadcrumbs-item mdp-crumber-elementor-breadcrumbs-item-active mdp-crumber-elementor-breadcrumbs-icon-position-\">\n\t\t\t\t\t\t\t\t\t\t\t\t                    <span>Legal Notice<\/span>\n\t\t\t\t\t\t\t        <\/div>\n\t\t            <span class=\"mdp-crumber-elementor-separator mdp-crumber-elementor-separator-hide-last\">\n            \/        <\/span>\n\t\t\t\t                <\/div>\n            <\/div>\n\t\t        <!-- End Crumber for Elementor WordPress Plugin -->\n\t\t\t\t\t\t<\/div>\n\t\t\t\t<\/div>\n\t\t\t\t<\/div>\n\t\t<div class=\"elementor-element elementor-element-0a452e7 elementor-hidden-tablet elementor-hidden-mobile e-con-full e-flex e-con e-child\" data-id=\"0a452e7\" data-element_type=\"container\" data-settings=\"{&quot;background_background&quot;:&quot;classic&quot;}\">\n\t\t\t\t<div class=\"elementor-element elementor-element-0059edf elementor-widget elementor-widget-spacer\" data-id=\"0059edf\" data-element_type=\"widget\" data-widget_type=\"spacer.default\">\n\t\t\t\t<div class=\"elementor-widget-container\">\n\t\t\t\t\t\t\t<div class=\"elementor-spacer\">\n\t\t\t<div class=\"elementor-spacer-inner\"><\/div>\n\t\t<\/div>\n\t\t\t\t\t\t<\/div>\n\t\t\t\t<\/div>\n\t\t\t\t<\/div>\n\t\t\t\t<\/div>\n\t\t\t\t<\/div>\n\t\t\t\t\t<\/div>\n\t\t\t\t<\/div>\n\t\t<div class=\"elementor-element elementor-element-e63699a e-flex e-con-boxed e-con e-parent\" data-id=\"e63699a\" data-element_type=\"container\">\n\t\t\t\t\t<div class=\"e-con-inner\">\n\t\t<div class=\"elementor-element elementor-element-d2c2d47 e-con-full e-flex e-con e-child\" data-id=\"d2c2d47\" data-element_type=\"container\">\n\t\t\t\t<div class=\"elementor-element elementor-element-2ba6cdd elementor-widget elementor-widget-text-editor\" data-id=\"2ba6cdd\" data-element_type=\"widget\" data-widget_type=\"text-editor.default\">\n\t\t\t\t<div class=\"elementor-widget-container\">\n\t\t\t\t\t\t\t\t\t<p data-start=\"175\" data-end=\"468\">Esta web es un espacio seguro.\u00a0<strong data-start=\"206\" data-end=\"241\">lasdehesillas.medpaginasweb.com<\/strong>\u00a0respeta la privacidad de sus usuarios y ha adecuado este portal a la Ley 34\/2002, de 11 de julio, de Servicios de la Sociedad de la informaci\u00f3n y de Comercio Electr\u00f3nico (LSSI).<br data-start=\"419\" data-end=\"422\" \/>Por este motivo le informamos de lo siguiente:<\/p><p data-start=\"470\" data-end=\"927\">Denominaci\u00f3n social: Las Dehesillas<br data-start=\"505\" data-end=\"508\" \/>Direcci\u00f3n: Madrid, Espa\u00f1a<br data-start=\"533\" data-end=\"536\" \/>CIF\/ NIF: 51115490Z<br data-start=\"555\" data-end=\"558\" \/>Tel\u00e9fono: 34660661311<br data-start=\"579\" data-end=\"582\" \/>Email:\u00a0<a class=\"cursor-pointer\" rel=\"noopener\" data-start=\"589\" data-end=\"615\">matolardieslucia@gmail.com<\/a><br data-start=\"615\" data-end=\"618\" \/>Actividad: Servicios de alquiler de propiedad<br data-start=\"663\" data-end=\"666\" \/>Finalidad de la p\u00e1gina web: Promoci\u00f3n de alquiler de propiedad<br data-start=\"728\" data-end=\"731\" \/>Esta web cumple con el RGPD (Reglamento UE 2016\/679 de protecci\u00f3n de datos) y con la LSSI-CE (Ley 34\/2002, de 11 de julio, de Servicios de la Sociedad de la Informaci\u00f3n y de Comercio Electr\u00f3nico).<\/p><p data-start=\"929\" data-end=\"997\"><strong data-start=\"929\" data-end=\"997\">Condiciones generales del portal lasdehesillas.medpaginasweb.com<\/strong><\/p><p data-start=\"999\" data-end=\"1227\">Las presentes Condiciones Generales regulan el uso (incluyendo el mero acceso) de las p\u00e1ginas web integrantes del sitio web\u00a0<strong data-start=\"1123\" data-end=\"1158\">lasdehesillas.medpaginasweb.com<\/strong>\u00a0incluidos los contenidos y servicios puestos a disposici\u00f3n en ellas.<\/p><p data-start=\"1229\" data-end=\"1405\">Toda persona que acceda al portal\u00a0<strong data-start=\"1263\" data-end=\"1298\">lasdehesillas.medpaginasweb.com<\/strong>\u00a0(\u201cUsuario\u201d) acepta someterse a las Condiciones Generales vigentes en cada momento en que acceda al portal.<\/p><p data-start=\"1407\" data-end=\"1683\">En todo caso,\u00a0<strong data-start=\"1421\" data-end=\"1456\">lasdehesillas.medpaginasweb.com<\/strong>\u00a0se reserva el derecho de modificar, en cualquier momento y sin necesidad de previo aviso, la presentaci\u00f3n y configuraci\u00f3n del portal as\u00ed como las presentes Condiciones Generales o las correspondientes Condiciones Particulares.<\/p><p data-start=\"1685\" data-end=\"1735\"><strong data-start=\"1685\" data-end=\"1735\">Uso del portal lasdehesillas.medpaginasweb.com<\/strong><\/p><p data-start=\"1737\" data-end=\"1754\">Usted acepta que:<\/p><ul data-start=\"1756\" data-end=\"2503\"><li data-start=\"1756\" data-end=\"1863\"><p data-start=\"1758\" data-end=\"1863\">Solamente podr\u00e1 hacer Usted uso del sitio web para realizar consultas o solicitudes legalmente v\u00e1lidas.<\/p><\/li><li data-start=\"1864\" data-end=\"2104\"><p data-start=\"1866\" data-end=\"2104\">No podr\u00e1 realizar ninguna solicitud especulativa, falsa o fraudulenta. Si tenemos motivos razonables para considerar que se ha hecho una solicitud de esta \u00edndole estaremos autorizados a anularlo e informar a las autoridades pertinentes.<\/p><\/li><li data-start=\"2105\" data-end=\"2404\"><p data-start=\"2107\" data-end=\"2404\">Tambi\u00e9n se obliga Usted a facilitarnos de manera cierta y correcta su direcci\u00f3n de correo electr\u00f3nico, direcci\u00f3n postal y\/u otros datos de contacto y consiente que podremos hacer uso de esta informaci\u00f3n para ponernos en contacto con Usted si es necesario (ver nuestra Declaraci\u00f3n de Privacidad).<\/p><\/li><li data-start=\"2405\" data-end=\"2503\"><p data-start=\"2407\" data-end=\"2503\">Si no nos facilita Usted toda la informaci\u00f3n que necesitamos, no podremos cursar su solicitud.<\/p><\/li><\/ul><p data-start=\"2505\" data-end=\"2625\">El presente aviso legal (en adelante, el \u201cAviso Legal\u201d) regula el uso del sitio web:\u00a0<strong data-start=\"2590\" data-end=\"2625\">lasdehesillas.medpaginasweb.com<\/strong><\/p><p data-start=\"2627\" data-end=\"2685\"><strong data-start=\"2627\" data-end=\"2685\">Protecci\u00f3n de datos de lasdehesillas.medpaginasweb.com<\/strong><\/p><p data-start=\"2687\" data-end=\"3260\"><strong data-start=\"2687\" data-end=\"2722\">lasdehesillas.medpaginasweb.com<\/strong>\u00a0se compromete en la utilizaci\u00f3n de los datos incluidos en el fichero, a respetar su confidencialidad y a utilizarlos de acuerdo con la finalidad del mismo, as\u00ed como a dar cumplimiento a su obligaci\u00f3n de guardarlos y adaptar todas las medidas para evitar la alteraci\u00f3n, p\u00e9rdida, tratamiento o acceso no autorizado, de conformidad con lo establecido en el Real Decreto 1720\/2007 de 21 de diciembre por el que se aprueba el Reglamento de desarrollo de la Ley Org\u00e1nica 15\/1999 de 13 de diciembre, de Protecci\u00f3n de Datos de Car\u00e1cter Personal.<\/p><p data-start=\"3262\" data-end=\"3458\"><strong data-start=\"3262\" data-end=\"3297\">lasdehesillas.medpaginasweb.com<\/strong>\u00a0jam\u00e1s compartir\u00e1 datos de los usuarios de la web con terceros a menos que los usuarios hayan sido informados previamente y contemos con su autorizaci\u00f3n expresa.<\/p><p data-start=\"3460\" data-end=\"3703\">De igual forma, el Usuario tiene acceso en todo momento a su perfil privado pudiendo modificar, editar o eliminar la informaci\u00f3n proporcionada, as\u00ed como gestionar su baja directamente, o mediante solicitud dirigida a\u00a0<a class=\"cursor-pointer\" rel=\"noopener\" data-start=\"3677\" data-end=\"3703\">matolardieslucia@gmail.com<\/a><\/p><p data-start=\"3705\" data-end=\"3789\"><strong data-start=\"3705\" data-end=\"3789\">Datos personales que recoge y gestiona el portal lasdehesillas.medpaginasweb.com<\/strong><\/p><p data-start=\"3791\" data-end=\"3888\">Su informaci\u00f3n est\u00e1 protegida de acuerdo a nuestra pol\u00edtica de privacidad y t\u00e9rminos de servicio.<\/p><p data-start=\"3890\" data-end=\"3919\">Usted comprende y acepta que:<\/p><p data-start=\"3921\" data-end=\"4088\">Desde el momento en que nos facilita sus datos a trav\u00e9s del formulario de contacto,\u00a0<strong data-start=\"4005\" data-end=\"4040\">lasdehesillas.medpaginasweb.com<\/strong>\u00a0tiene acceso a: su nombre y correo electr\u00f3nico.<\/p><p data-start=\"4090\" data-end=\"4396\">El usuario tiene seg\u00fan el art\u00edculo 5 d) de la Ley Org\u00e1nica de Protecci\u00f3n de Datos de Car\u00e1cter Personal derecho de acceso, rectificaci\u00f3n, cancelaci\u00f3n y oposici\u00f3n. Podr\u00e1 ejercer estos derechos enviando un correo electr\u00f3nico a\u00a0<strong data-start=\"4314\" data-end=\"4349\">lasdehesillas.medpaginasweb.com<\/strong>\u00a0desde la misma direcci\u00f3n que us\u00f3 para el alta.<\/p><p data-start=\"4398\" data-end=\"4586\">En cada recepci\u00f3n de un correo electr\u00f3nico el usuario tendr\u00e1 la posibilidad de ejercer sus derechos de cancelaci\u00f3n y rectificaci\u00f3n pinchando los enlaces que encontrar\u00e1 al final del correo.<\/p><p data-start=\"4588\" data-end=\"4616\"><strong data-start=\"4588\" data-end=\"4616\">Uso y acceso de usuarios<\/strong><\/p><p data-start=\"4618\" data-end=\"4790\">El Usuario queda informado, y acepta, que el acceso a la presente web no supone, en modo alguno, el inicio de una relaci\u00f3n comercial con\u00a0<strong data-start=\"4755\" data-end=\"4790\">lasdehesillas.medpaginasweb.com<\/strong><\/p><p data-start=\"4792\" data-end=\"5173\">De esta forma, el usuario se compromete a utilizar el sitio Web, sus servicios y contenidos sin contravenir la legislaci\u00f3n vigente, la buena fe y el orden p\u00fablico. Queda prohibido el uso de la web con fines il\u00edcitos o lesivos, o que, de cualquier forma, puedan causar perjuicio o impedir el normal funcionamiento del sitio web. Respecto de los contenidos de este sitio, se proh\u00edbe:<\/p><ul data-start=\"5175\" data-end=\"5456\"><li data-start=\"5175\" data-end=\"5311\"><p data-start=\"5177\" data-end=\"5311\">Su reproducci\u00f3n, distribuci\u00f3n o modificaci\u00f3n, total o parcial, a menos que se cuente con la autorizaci\u00f3n de sus leg\u00edtimos titulares;<\/p><\/li><li data-start=\"5312\" data-end=\"5397\"><p data-start=\"5314\" data-end=\"5397\">Cualquier vulneraci\u00f3n de los derechos del prestador o de los leg\u00edtimos titulares;<\/p><\/li><li data-start=\"5398\" data-end=\"5456\"><p data-start=\"5400\" data-end=\"5456\">Su utilizaci\u00f3n para fines comerciales o publicitarios.<\/p><\/li><\/ul><p data-start=\"5458\" data-end=\"5508\"><strong data-start=\"5458\" data-end=\"5508\">Derechos de propiedad intelectual e industrial<\/strong><\/p><p data-start=\"5510\" data-end=\"6112\">Mediante estas Condiciones Generales no se cede ning\u00fan derecho de propiedad intelectual o industrial sobre el portal\u00a0<strong data-start=\"5627\" data-end=\"5662\">lasdehesillas.medpaginasweb.com<\/strong>\u00a0ni sobre ninguno de sus elementos integrantes, quedando expresamente prohibidos al Usuario la reproducci\u00f3n, transformaci\u00f3n, distribuci\u00f3n, comunicaci\u00f3n p\u00fablica, puesta a disposici\u00f3n del p\u00fablico, extracci\u00f3n, reutilizaci\u00f3n, reenv\u00edo o la utilizaci\u00f3n de cualquier naturaleza, por cualquier medio o procedimiento, de cualquiera de ellos, salvo en los casos en que est\u00e9 legalmente permitido o sea autorizado por el titular de los correspondientes derechos.<\/p><p data-start=\"6114\" data-end=\"6566\">El usuario conoce y acepta que la totalidad del sitio web, conteniendo sin car\u00e1cter exhaustivo el texto, software, contenidos (incluyendo estructura, selecci\u00f3n, ordenaci\u00f3n y presentaci\u00f3n de los mismos) fotograf\u00edas, material audiovisual y gr\u00e1ficos, est\u00e1 protegida por marcas, derechos de autor y otros derechos leg\u00edtimos registrados, de acuerdo con los tratados internacionales en los que Espa\u00f1a es parte y otros derechos de propiedad y leyes de Espa\u00f1a.<\/p><p data-start=\"6568\" data-end=\"6579\"><strong data-start=\"6568\" data-end=\"6579\">Links<\/strong><\/p><p data-start=\"6581\" data-end=\"7201\">Las p\u00e1ginas del portal\u00a0<strong data-start=\"6604\" data-end=\"6639\">lasdehesillas.medpaginasweb.com<\/strong>\u00a0proporcionan enlaces a otros sitios web propios y contenidos que son propiedad de terceros como redes sociales para compartir contenidos. El \u00fanico objeto de los enlaces es proporcionar al Usuario la posibilidad de acceder a dichos enlaces, aunque\u00a0<strong data-start=\"6887\" data-end=\"6922\">lasdehesillas.medpaginasweb.com<\/strong>\u00a0no ofrece ni comercializa por s\u00ed ni por medio de terceros la informaci\u00f3n, contenidos y servicios disponibles en los sitios enlazados, ni aprueba, supervisa o controla en modo alguno los contenidos y servicios y cualquier material de cualquier naturaleza existente en los mismos.<\/p><p data-start=\"7203\" data-end=\"7353\"><strong data-start=\"7203\" data-end=\"7238\">lasdehesillas.medpaginasweb.com<\/strong>\u00a0no se responsabiliza en ning\u00fan caso de los resultados que puedan derivarse al Usuario por acceso a dichos enlaces.<\/p><p data-start=\"7355\" data-end=\"7847\">El Usuario que se proponga establecer cualquier dispositivo t\u00e9cnico de enlace desde su sitio web al portal deber\u00e1 obtener la autorizaci\u00f3n previa y escrita de\u00a0<strong data-start=\"7513\" data-end=\"7548\">lasdehesillas.medpaginasweb.com<\/strong>. El establecimiento del enlace no implica en ning\u00fan caso la existencia de relaciones entre\u00a0<strong data-start=\"7640\" data-end=\"7675\">lasdehesillas.medpaginasweb.com<\/strong>\u00a0y el propietario del sitio en el que se establezca el enlace, ni la aceptaci\u00f3n o aprobaci\u00f3n por parte de\u00a0<strong data-start=\"7781\" data-end=\"7816\">lasdehesillas.medpaginasweb.com<\/strong>\u00a0de sus contenidos o servicios.<\/p><p data-start=\"7849\" data-end=\"7893\"><strong data-start=\"7849\" data-end=\"7893\">Exclusi\u00f3n de garant\u00edas y responsabilidad<\/strong><\/p><p data-start=\"7895\" data-end=\"8076\"><strong data-start=\"7895\" data-end=\"7930\">lasdehesillas.medpaginasweb.com<\/strong>\u00a0no otorga ninguna garant\u00eda ni se hace responsable, en ning\u00fan caso, de los da\u00f1os y perjuicios de cualquier naturaleza que pudieran traer causa de:<\/p><ul data-start=\"8078\" data-end=\"8515\"><li data-start=\"8078\" data-end=\"8192\"><p data-start=\"8080\" data-end=\"8192\">La falta de disponibilidad, mantenimiento y efectivo funcionamiento de la web o de sus servicios y contenidos;<\/p><\/li><li data-start=\"8193\" data-end=\"8270\"><p data-start=\"8195\" data-end=\"8270\">La existencia de virus, programas maliciosos o lesivos en los contenidos;<\/p><\/li><li data-start=\"8271\" data-end=\"8346\"><p data-start=\"8273\" data-end=\"8346\">El uso il\u00edcito, negligente, fraudulento o contrario a este Aviso Legal;<\/p><\/li><li data-start=\"8347\" data-end=\"8515\"><p data-start=\"8349\" data-end=\"8515\">La falta de licitud, calidad, fiabilidad, utilidad y disponibilidad de los servicios prestados por terceros y puestos a disposici\u00f3n de los usuarios en el sitio web.<\/p><\/li><\/ul><p data-start=\"8517\" data-end=\"8660\">El prestador no se hace responsable bajo ning\u00fan concepto de los da\u00f1os que pudieran dimanar del uso ilegal o indebido de la presente p\u00e1gina web.<\/p><p data-start=\"8662\" data-end=\"8677\"><strong data-start=\"8662\" data-end=\"8677\">Legislaci\u00f3n<\/strong><\/p><p data-start=\"8679\" data-end=\"8899\">Con car\u00e1cter general las relaciones entre\u00a0<strong data-start=\"8721\" data-end=\"8756\">lasdehesillas.medpaginasweb.com<\/strong>\u00a0con los Usuarios de sus servicios telem\u00e1ticos, presentes en este sitio web, se encuentran sometidas a la legislaci\u00f3n y jurisdicci\u00f3n espa\u00f1olas.<\/p><p data-start=\"8901\" data-end=\"8928\"><strong data-start=\"8901\" data-end=\"8928\">Direcciones de contacto<\/strong><\/p><p data-start=\"8930\" data-end=\"9153\">En caso de que cualquier Usuario tuviese alguna duda acerca de estas Condiciones Generales o cualquier comentario sobre el portal\u00a0<strong data-start=\"9060\" data-end=\"9095\">lasdehesillas.medpaginasweb.com<\/strong>, por favor dir\u00edjase a\u00a0<strong data-start=\"9118\" data-end=\"9153\">lasdehesillas.medpaginasweb.com<\/strong><\/p>\t\t\t\t\t\t\t\t<\/div>\n\t\t\t\t<\/div>\n\t\t\t\t<\/div>\n\t\t\t\t\t<\/div>\n\t\t\t\t<\/div>\n\t\t\t\t<\/div>","protected":false},"excerpt":{"rendered":"<p>Home \/ Aviso Legal \/ Esta web es un espacio seguro.\u00a0lasdehesillas.medpaginasweb.com\u00a0respeta la privacidad de sus usuarios y ha adecuado este portal a la Ley 34\/2002, de 11 de julio, de Servicios de la Sociedad de la informaci\u00f3n y de Comercio Electr\u00f3nico (LSSI).Por este motivo le informamos de lo siguiente: Denominaci\u00f3n social: Las DehesillasDirecci\u00f3n: Madrid, Espa\u00f1aCIF\/ [&hellip;]<\/p>","protected":false},"author":2,"featured_media":0,"parent":0,"menu_order":0,"comment_status":"closed","ping_status":"closed","template":"","meta":{"_joinchat":[],"footnotes":""},"class_list":["post-128","page","type-page","status-publish","hentry"],"yoast_head":"<!-- This site is optimized with the Yoast SEO plugin v26.0 - https:\/\/yoast.com\/wordpress\/plugins\/seo\/ -->\n<title>Aviso Legal - Las Dehesillas<\/title>\n<meta name=\"robots\" content=\"index, follow, max-snippet:-1, max-image-preview:large, max-video-preview:-1\" \/>\n<link rel=\"canonical\" href=\"https:\/\/lasdehesillas.websmiexperto.com\/en\/aviso-legal\/\" \/>\n<meta property=\"og:locale\" content=\"en_US\" \/>\n<meta property=\"og:type\" content=\"article\" \/>\n<meta property=\"og:title\" content=\"Aviso Legal - Las Dehesillas\" \/>\n<meta property=\"og:description\" content=\"Home \/ Aviso Legal \/ Esta web es un espacio seguro.\u00a0lasdehesillas.medpaginasweb.com\u00a0respeta la privacidad de sus usuarios y ha adecuado este portal a la Ley 34\/2002, de 11 de julio, de Servicios de la Sociedad de la informaci\u00f3n y de Comercio Electr\u00f3nico (LSSI).Por este motivo le informamos de lo siguiente: Denominaci\u00f3n social: Las DehesillasDirecci\u00f3n: Madrid, Espa\u00f1aCIF\/ [&hellip;]\" \/>\n<meta property=\"og:url\" content=\"https:\/\/lasdehesillas.websmiexperto.com\/en\/aviso-legal\/\" \/>\n<meta property=\"og:site_name\" content=\"Las Dehesillas\" \/>\n<meta property=\"article:modified_time\" content=\"2025-08-25T17:29:32+00:00\" \/>\n<meta name=\"twitter:card\" content=\"summary_large_image\" \/>\n<meta name=\"twitter:label1\" content=\"Est. reading time\" \/>\n\t<meta name=\"twitter:data1\" content=\"6 minutes\" \/>\n<script type=\"application\/ld+json\" class=\"yoast-schema-graph\">{\"@context\":\"https:\/\/schema.org\",\"@graph\":[{\"@type\":\"WebPage\",\"@id\":\"https:\/\/lasdehesillas.websmiexperto.com\/aviso-legal\/\",\"url\":\"https:\/\/lasdehesillas.websmiexperto.com\/aviso-legal\/\",\"name\":\"Aviso Legal - Las Dehesillas\",\"isPartOf\":{\"@id\":\"https:\/\/lasdehesillas.websmiexperto.com\/#website\"},\"datePublished\":\"2024-09-12T14:33:26+00:00\",\"dateModified\":\"2025-08-25T17:29:32+00:00\",\"breadcrumb\":{\"@id\":\"https:\/\/lasdehesillas.websmiexperto.com\/aviso-legal\/#breadcrumb\"},\"inLanguage\":\"en-US\",\"potentialAction\":[{\"@type\":\"ReadAction\",\"target\":[\"https:\/\/lasdehesillas.websmiexperto.com\/aviso-legal\/\"]}]},{\"@type\":\"BreadcrumbList\",\"@id\":\"https:\/\/lasdehesillas.websmiexperto.com\/aviso-legal\/#breadcrumb\",\"itemListElement\":[{\"@type\":\"ListItem\",\"position\":1,\"name\":\"Home\",\"item\":\"https:\/\/lasdehesillas.websmiexperto.com\/\"},{\"@type\":\"ListItem\",\"position\":2,\"name\":\"Aviso Legal\"}]},{\"@type\":\"WebSite\",\"@id\":\"https:\/\/lasdehesillas.websmiexperto.com\/#website\",\"url\":\"https:\/\/lasdehesillas.websmiexperto.com\/\",\"name\":\"Las Dehesillas\",\"description\":\"Con\u00e9ctate con la naturaleza en nuestra \u00fanica yurta mongola.\",\"publisher\":{\"@id\":\"https:\/\/lasdehesillas.websmiexperto.com\/#organization\"},\"alternateName\":\"Las Dehesillas\",\"potentialAction\":[{\"@type\":\"SearchAction\",\"target\":{\"@type\":\"EntryPoint\",\"urlTemplate\":\"https:\/\/lasdehesillas.websmiexperto.com\/?s={search_term_string}\"},\"query-input\":{\"@type\":\"PropertyValueSpecification\",\"valueRequired\":true,\"valueName\":\"search_term_string\"}}],\"inLanguage\":\"en-US\"},{\"@type\":\"Organization\",\"@id\":\"https:\/\/lasdehesillas.websmiexperto.com\/#organization\",\"name\":\"Las Dehesillas\",\"alternateName\":\"Las Dehesillas\",\"url\":\"https:\/\/lasdehesillas.websmiexperto.com\/\",\"logo\":{\"@type\":\"ImageObject\",\"inLanguage\":\"en-US\",\"@id\":\"https:\/\/lasdehesillas.websmiexperto.com\/#\/schema\/logo\/image\/\",\"url\":\"https:\/\/lasdehesillas.websmiexperto.com\/wp-content\/uploads\/2024\/09\/cropped-Agregar-un-titulo-2.png\",\"contentUrl\":\"https:\/\/lasdehesillas.websmiexperto.com\/wp-content\/uploads\/2024\/09\/cropped-Agregar-un-titulo-2.png\",\"width\":1000,\"height\":287,\"caption\":\"Las Dehesillas\"},\"image\":{\"@id\":\"https:\/\/lasdehesillas.websmiexperto.com\/#\/schema\/logo\/image\/\"}}]}<\/script>\n<!-- \/ Yoast SEO plugin. -->","yoast_head_json":{"title":"Aviso Legal - Las Dehesillas","robots":{"index":"index","follow":"follow","max-snippet":"max-snippet:-1","max-image-preview":"max-image-preview:large","max-video-preview":"max-video-preview:-1"},"canonical":"https:\/\/lasdehesillas.websmiexperto.com\/en\/aviso-legal\/","og_locale":"en_US","og_type":"article","og_title":"Aviso Legal - Las Dehesillas","og_description":"Home \/ Aviso Legal \/ Esta web es un espacio seguro.\u00a0lasdehesillas.medpaginasweb.com\u00a0respeta la privacidad de sus usuarios y ha adecuado este portal a la Ley 34\/2002, de 11 de julio, de Servicios de la Sociedad de la informaci\u00f3n y de Comercio Electr\u00f3nico (LSSI).Por este motivo le informamos de lo siguiente: Denominaci\u00f3n social: Las DehesillasDirecci\u00f3n: Madrid, Espa\u00f1aCIF\/ [&hellip;]","og_url":"https:\/\/lasdehesillas.websmiexperto.com\/en\/aviso-legal\/","og_site_name":"Las Dehesillas","article_modified_time":"2025-08-25T17:29:32+00:00","twitter_card":"summary_large_image","twitter_misc":{"Est. reading time":"6 minutes"},"schema":{"@context":"https:\/\/schema.org","@graph":[{"@type":"WebPage","@id":"https:\/\/lasdehesillas.websmiexperto.com\/aviso-legal\/","url":"https:\/\/lasdehesillas.websmiexperto.com\/aviso-legal\/","name":"Aviso Legal - Las Dehesillas","isPartOf":{"@id":"https:\/\/lasdehesillas.websmiexperto.com\/#website"},"datePublished":"2024-09-12T14:33:26+00:00","dateModified":"2025-08-25T17:29:32+00:00","breadcrumb":{"@id":"https:\/\/lasdehesillas.websmiexperto.com\/aviso-legal\/#breadcrumb"},"inLanguage":"en-US","potentialAction":[{"@type":"ReadAction","target":["https:\/\/lasdehesillas.websmiexperto.com\/aviso-legal\/"]}]},{"@type":"BreadcrumbList","@id":"https:\/\/lasdehesillas.websmiexperto.com\/aviso-legal\/#breadcrumb","itemListElement":[{"@type":"ListItem","position":1,"name":"Home","item":"https:\/\/lasdehesillas.websmiexperto.com\/"},{"@type":"ListItem","position":2,"name":"Aviso Legal"}]},{"@type":"WebSite","@id":"https:\/\/lasdehesillas.websmiexperto.com\/#website","url":"https:\/\/lasdehesillas.websmiexperto.com\/","name":"Dehesillas","description":"Connect with nature in our one-of-a-kind Mongolian yurt.","publisher":{"@id":"https:\/\/lasdehesillas.websmiexperto.com\/#organization"},"alternateName":"Las Dehesillas","potentialAction":[{"@type":"SearchAction","target":{"@type":"EntryPoint","urlTemplate":"https:\/\/lasdehesillas.websmiexperto.com\/?s={search_term_string}"},"query-input":{"@type":"PropertyValueSpecification","valueRequired":true,"valueName":"search_term_string"}}],"inLanguage":"en-US"},{"@type":"Organization","@id":"https:\/\/lasdehesillas.websmiexperto.com\/#organization","name":"Dehesillas","alternateName":"Las Dehesillas","url":"https:\/\/lasdehesillas.websmiexperto.com\/","logo":{"@type":"ImageObject","inLanguage":"en-US","@id":"https:\/\/lasdehesillas.websmiexperto.com\/#\/schema\/logo\/image\/","url":"https:\/\/lasdehesillas.websmiexperto.com\/wp-content\/uploads\/2024\/09\/cropped-Agregar-un-titulo-2.png","contentUrl":"https:\/\/lasdehesillas.websmiexperto.com\/wp-content\/uploads\/2024\/09\/cropped-Agregar-un-titulo-2.png","width":1000,"height":287,"caption":"Las Dehesillas"},"image":{"@id":"https:\/\/lasdehesillas.websmiexperto.com\/#\/schema\/logo\/image\/"}}]}},"_links":{"self":[{"href":"https:\/\/lasdehesillas.websmiexperto.com\/en\/wp-json\/wp\/v2\/pages\/128","targetHints":{"allow":["GET"]}}],"collection":[{"href":"https:\/\/lasdehesillas.websmiexperto.com\/en\/wp-json\/wp\/v2\/pages"}],"about":[{"href":"https:\/\/lasdehesillas.websmiexperto.com\/en\/wp-json\/wp\/v2\/types\/page"}],"author":[{"embeddable":true,"href":"https:\/\/lasdehesillas.websmiexperto.com\/en\/wp-json\/wp\/v2\/users\/2"}],"replies":[{"embeddable":true,"href":"https:\/\/lasdehesillas.websmiexperto.com\/en\/wp-json\/wp\/v2\/comments?post=128"}],"version-history":[{"count":10,"href":"https:\/\/lasdehesillas.websmiexperto.com\/en\/wp-json\/wp\/v2\/pages\/128\/revisions"}],"predecessor-version":[{"id":357,"href":"https:\/\/lasdehesillas.websmiexperto.com\/en\/wp-json\/wp\/v2\/pages\/128\/revisions\/357"}],"wp:attachment":[{"href":"https:\/\/lasdehesillas.websmiexperto.com\/en\/wp-json\/wp\/v2\/media?parent=128"}],"curies":[{"name":"wp","href":"https:\/\/api.w.org\/{rel}","templated":true}]}}