{"id":133,"date":"2024-09-12T14:45:19","date_gmt":"2024-09-12T14:45:19","guid":{"rendered":"https:\/\/p8.miexpertodigital1.eu\/?page_id=133"},"modified":"2025-08-25T17:31:06","modified_gmt":"2025-08-25T17:31:06","slug":"politicas-de-privacidad","status":"publish","type":"page","link":"https:\/\/lasdehesillas.websmiexperto.com\/en\/politicas-de-privacidad\/","title":{"rendered":"Pol\u00edticas de privacidad"},"content":{"rendered":"<div data-elementor-type=\"wp-post\" data-elementor-id=\"133\" class=\"elementor elementor-133\" data-elementor-post-type=\"page\">\n\t\t\t\t<div class=\"elementor-element elementor-element-8144dbb e-flex e-con-boxed e-con e-parent\" data-id=\"8144dbb\" data-element_type=\"container\" data-settings=\"{&quot;background_background&quot;:&quot;classic&quot;}\">\n\t\t\t\t\t<div class=\"e-con-inner\">\n\t\t<div class=\"elementor-element elementor-element-8b50152 e-con-full e-flex e-con e-child\" data-id=\"8b50152\" data-element_type=\"container\" data-settings=\"{&quot;background_background&quot;:&quot;classic&quot;}\">\n\t\t<div class=\"elementor-element elementor-element-b4013b7 e-con-full e-flex e-con e-child\" data-id=\"b4013b7\" data-element_type=\"container\">\n\t\t<div class=\"elementor-element elementor-element-6fd1daa e-con-full e-flex e-con e-child\" data-id=\"6fd1daa\" data-element_type=\"container\">\n\t\t\t\t<div class=\"elementor-element elementor-element-6a6b676 elementor-widget elementor-widget-mdp-crumber-elementor\" data-id=\"6a6b676\" data-element_type=\"widget\" data-widget_type=\"mdp-crumber-elementor.default\">\n\t\t\t\t<div class=\"elementor-widget-container\">\n\t\t\t\t\t        <!-- Start Crumber for Elementor WordPress Plugin -->\n\t\t            <div class=\"mdp-crumber-elementor-box\">\n                <div class=\"mdp-crumber-elementor-breadcrumbs\">\n\t\t\t\t\t        <div class=\"mdp-crumber-elementor-breadcrumbs-item  mdp-crumber-elementor-breadcrumbs-icon-position-\">\n\t\t\t\t\t\t\t\t\t\t\t\t                    <span>Home<\/span>\n\t\t\t\t\t\t\t        <\/div>\n\t\t            <span class=\"mdp-crumber-elementor-separator mdp-crumber-elementor-separator-hide-last\">\n            \/        <\/span>\n\t\t\t\t        <div class=\"mdp-crumber-elementor-breadcrumbs-item mdp-crumber-elementor-breadcrumbs-item-active mdp-crumber-elementor-breadcrumbs-icon-position-\">\n\t\t\t\t\t\t\t\t\t\t\t\t                    <span>Pol\u00edticas de privacidad<\/span>\n\t\t\t\t\t\t\t        <\/div>\n\t\t            <span class=\"mdp-crumber-elementor-separator mdp-crumber-elementor-separator-hide-last\">\n            \/        <\/span>\n\t\t\t\t                <\/div>\n            <\/div>\n\t\t        <!-- End Crumber for Elementor WordPress Plugin -->\n\t\t\t\t\t\t<\/div>\n\t\t\t\t<\/div>\n\t\t\t\t<\/div>\n\t\t<div class=\"elementor-element elementor-element-0a452e7 elementor-hidden-tablet elementor-hidden-mobile e-con-full e-flex e-con e-child\" data-id=\"0a452e7\" data-element_type=\"container\" data-settings=\"{&quot;background_background&quot;:&quot;classic&quot;}\">\n\t\t\t\t<div class=\"elementor-element elementor-element-0059edf elementor-widget elementor-widget-spacer\" data-id=\"0059edf\" data-element_type=\"widget\" data-widget_type=\"spacer.default\">\n\t\t\t\t<div class=\"elementor-widget-container\">\n\t\t\t\t\t\t\t<div class=\"elementor-spacer\">\n\t\t\t<div class=\"elementor-spacer-inner\"><\/div>\n\t\t<\/div>\n\t\t\t\t\t\t<\/div>\n\t\t\t\t<\/div>\n\t\t\t\t<\/div>\n\t\t\t\t<\/div>\n\t\t\t\t<\/div>\n\t\t\t\t\t<\/div>\n\t\t\t\t<\/div>\n\t\t<div class=\"elementor-element elementor-element-e63699a e-flex e-con-boxed e-con e-parent\" data-id=\"e63699a\" data-element_type=\"container\">\n\t\t\t\t\t<div class=\"e-con-inner\">\n\t\t<div class=\"elementor-element elementor-element-d2c2d47 e-con-full e-flex e-con e-child\" data-id=\"d2c2d47\" data-element_type=\"container\">\n\t\t\t\t<div class=\"elementor-element elementor-element-2ba6cdd elementor-widget elementor-widget-text-editor\" data-id=\"2ba6cdd\" data-element_type=\"widget\" data-widget_type=\"text-editor.default\">\n\t\t\t\t<div class=\"elementor-widget-container\">\n\t\t\t\t\t\t\t\t\t<main id=\"content\" class=\"site-main post-133 page type-page status-publish hentry\"><div class=\"page-content\"><div class=\"elementor elementor-133\" data-elementor-type=\"wp-post\" data-elementor-id=\"133\" data-elementor-post-type=\"page\"><div class=\"elementor-element elementor-element-e63699a e-flex e-con-boxed e-con e-parent e-lazyloaded\" data-id=\"e63699a\" data-element_type=\"container\"><div class=\"e-con-inner\"><div class=\"elementor-element elementor-element-d2c2d47 e-con-full e-flex e-con e-child\" data-id=\"d2c2d47\" data-element_type=\"container\"><div class=\"elementor-element elementor-element-2ba6cdd elementor-widget elementor-widget-text-editor\" data-id=\"2ba6cdd\" data-element_type=\"widget\" data-widget_type=\"text-editor.default\"><div class=\"elementor-widget-container\"><p><strong>Privacy Policy<\/strong><\/p><p>En este documento te informamos de los motivos por los que recogemos tus datos personales, qu\u00e9 hacemos con dichos datos, qu\u00e9 derechos tienes y de qu\u00e9 forma puedes ejercerlos.<\/p><p><strong>Responsable de tus datos personales.<\/strong><\/p><p>Identidad: Lucia Mato Lardi\u00e9s 51115490Z<\/p><p>Direcci\u00f3n: Madrid, Espa\u00f1a<\/p><p>Tel\u00e9fono: 34660661311<\/p><p>E-mail: matolardieslucia@gmail.com<\/p><p data-prosemirror-content-type=\"node\" data-prosemirror-node-name=\"paragraph\" data-prosemirror-node-block=\"true\" data-pm-slice=\"1 1 []\"><strong>\u00bfPara qu\u00e9 recogemos tus datos personales?<\/strong><\/p><p>En lasdehesillas.medpaginasweb.com recogemos y tratamos la informaci\u00f3n que nos facilitas con el fin de responder a las cuestiones que nos planteas a trav\u00e9s de nuestros formularios de contacto y de comentarios, y para enviarte informaci\u00f3n que sea de tu inter\u00e9s a trav\u00e9s de nuestros canales de comunicaci\u00f3n.<\/p><p>Tendremos almacenada dicha informaci\u00f3n mientras no solicites que la eliminemos.<\/p><p><strong>\u00bfCu\u00e1les son las bases legales para el tratamiento de tus datos?<\/strong><\/p><p>Las bases legales para tratar tus datos son las siguientes:<\/p><p>Ejecuci\u00f3n del contrato de suscripci\u00f3n, para hacerte llegar informaci\u00f3n que sea de tu inter\u00e9s a trav\u00e9s de nuestros canales de comunicaci\u00f3n.<\/p><p>Obtenci\u00f3n de tu consentimiento, para responder a las cuestiones que nos planteas a trav\u00e9s de nuestros formularios de contacto y de comentarios.<\/p><p>Recuerda que no est\u00e1s obligado a darnos tu consentimiento para el tratamiento de tus datos, pero si no lo haces lasdehesillas.medpaginasweb.com no podr\u00e1 hacerte llegar informaci\u00f3n que sea de tu inter\u00e9s a trav\u00e9s de nuestros canales de comunicaci\u00f3n.<\/p><p><strong>\u00bfA qui\u00e9nes se podr\u00e1n comunicar tus datos personales?<\/strong><\/p><p>Para que podamos ofrecerte servicios de mayor calidad y cumplir con nuestras obligaciones fiscales, te comunicamos que los datos que t\u00fa nos facilites pueden ser cedidos a:<\/p><p><a href=\"https:\/\/www.siteground.es\/\">Siteground<\/a>\u00a0con domicilio fiscal en C\/Serrano 1, 5\u00ba, encargado de proporcionar el hosting y el dominio para esta web.<\/p><p><a href=\"https:\/\/google.com\/\">Google LLC<\/a>, encargado de la recogida de anal\u00edticas de esta web y sujeto al acuerdo\u00a0<a href=\"https:\/\/www.privacyshield.gov\/participant?id=a2zt000000001L5AAI&amp;status=Active\">EU-US Privacy Shield<\/a>.<\/p><p><strong>\u00bfQu\u00e9 derechos tienes sobre tus datos?<\/strong><\/p><p>Estos son los derechos que puedes ejercer sobre tus datos personales:<\/p><p>Derechos a solicitar el acceso a tus datos de car\u00e1cter personal.<\/p><p>Derecho a solicitar la rectificaci\u00f3n o supresi\u00f3n.<\/p><p>Derecho a solicitar la limitaci\u00f3n del tratamiento.<\/p><p>Derecho a oponerse al tratamiento.<\/p><p>Para ejercer tus derechos, anteriormente mencionados, puedes enviarnos un correo electr\u00f3nico a matolardieslucia@gmail.com indicando en el asunto \u201cPROTECCI\u00d3N DE DATOS\u201d incluyendo una fotocopia de tu DNI u otro documento de identificaci\u00f3n equivalente.<\/p><p><strong>\u00bfPuedo retirar el consentimiento?<\/strong><\/p><p>Tienes derecho a retirar el consentimiento para cualquier finalidad espec\u00edfica otorgada en su momento, sin que ello afecte a la licitud del tratamiento basado en el consentimiento previo a su retirada.<\/p><p><strong>\u00bfD\u00f3nde puedo reclamar si considero que mis datos no se tratan correctamente?<\/strong><\/p><p>Si consideras que tus datos no se est\u00e1n tratando correctamente puedes dirigir tus reclamaciones al correo matolardieslucia@gmail.com\u00a0o a la Agencia Espa\u00f1ola de Protecci\u00f3n de Datos (<a href=\"http:\/\/www.agpd.es\/\">AEPD<\/a>).<\/p><p><strong>Seguridad y actualizaci\u00f3n de tus datos personales<\/strong><\/p><p>Para garantizar la seguridad de sus datos personales te informamos que en espanolo.com hemos adoptado todas las medidas t\u00e9cnicas y organizativas necesarias para garantizar la seguridad de tus datos personales. Con el fin de evitar su alteraci\u00f3n, p\u00e9rdida o accesos no autorizados, tal y como exige la ley, entendiendo que la seguridad absoluta no existe.<\/p><p>Con el objetivo de poder mantener tus datos personales actualizados, te rogamos que nos informes en caso de que se produzca alguna modificaci\u00f3n sobre los mismos.<\/p><\/div><\/div><\/div><\/div><\/div><\/div><\/div><\/main>\t\t\t\t\t\t\t\t<\/div>\n\t\t\t\t<\/div>\n\t\t\t\t<\/div>\n\t\t\t\t\t<\/div>\n\t\t\t\t<\/div>\n\t\t\t\t<\/div>","protected":false},"excerpt":{"rendered":"<p>Home \/ Pol\u00edticas de privacidad \/ Pol\u00edtica de privacidad En este documento te informamos de los motivos por los que recogemos tus datos personales, qu\u00e9 hacemos con dichos datos, qu\u00e9 derechos tienes y de qu\u00e9 forma puedes ejercerlos. Responsable de tus datos personales. Identidad: Lucia Mato Lardi\u00e9s 51115490Z Direcci\u00f3n: Madrid, Espa\u00f1a Tel\u00e9fono: 34660661311 E-mail: matolardieslucia@gmail.com [&hellip;]<\/p>","protected":false},"author":2,"featured_media":0,"parent":0,"menu_order":0,"comment_status":"closed","ping_status":"closed","template":"","meta":{"_joinchat":[],"footnotes":""},"class_list":["post-133","page","type-page","status-publish","hentry"],"yoast_head":"<!-- This site is optimized with the Yoast SEO plugin v26.0 - https:\/\/yoast.com\/wordpress\/plugins\/seo\/ -->\n<title>Pol\u00edticas de privacidad - Las Dehesillas<\/title>\n<meta name=\"robots\" content=\"index, follow, max-snippet:-1, max-image-preview:large, max-video-preview:-1\" \/>\n<link rel=\"canonical\" href=\"https:\/\/lasdehesillas.websmiexperto.com\/en\/politicas-de-privacidad\/\" \/>\n<meta property=\"og:locale\" content=\"en_US\" \/>\n<meta property=\"og:type\" content=\"article\" \/>\n<meta property=\"og:title\" content=\"Pol\u00edticas de privacidad - Las Dehesillas\" \/>\n<meta property=\"og:description\" content=\"Home \/ Pol\u00edticas de privacidad \/ Pol\u00edtica de privacidad En este documento te informamos de los motivos por los que recogemos tus datos personales, qu\u00e9 hacemos con dichos datos, qu\u00e9 derechos tienes y de qu\u00e9 forma puedes ejercerlos. Responsable de tus datos personales. Identidad: Lucia Mato Lardi\u00e9s 51115490Z Direcci\u00f3n: Madrid, Espa\u00f1a Tel\u00e9fono: 34660661311 E-mail: matolardieslucia@gmail.com [&hellip;]\" \/>\n<meta property=\"og:url\" content=\"https:\/\/lasdehesillas.websmiexperto.com\/en\/politicas-de-privacidad\/\" \/>\n<meta property=\"og:site_name\" content=\"Las Dehesillas\" \/>\n<meta property=\"article:modified_time\" content=\"2025-08-25T17:31:06+00:00\" \/>\n<meta name=\"twitter:card\" content=\"summary_large_image\" \/>\n<meta name=\"twitter:label1\" content=\"Est. reading time\" \/>\n\t<meta name=\"twitter:data1\" content=\"5 minutes\" \/>\n<script type=\"application\/ld+json\" class=\"yoast-schema-graph\">{\"@context\":\"https:\/\/schema.org\",\"@graph\":[{\"@type\":\"WebPage\",\"@id\":\"https:\/\/lasdehesillas.websmiexperto.com\/politicas-de-privacidad\/\",\"url\":\"https:\/\/lasdehesillas.websmiexperto.com\/politicas-de-privacidad\/\",\"name\":\"Pol\u00edticas de privacidad - Las Dehesillas\",\"isPartOf\":{\"@id\":\"https:\/\/lasdehesillas.websmiexperto.com\/#website\"},\"datePublished\":\"2024-09-12T14:45:19+00:00\",\"dateModified\":\"2025-08-25T17:31:06+00:00\",\"breadcrumb\":{\"@id\":\"https:\/\/lasdehesillas.websmiexperto.com\/politicas-de-privacidad\/#breadcrumb\"},\"inLanguage\":\"en-US\",\"potentialAction\":[{\"@type\":\"ReadAction\",\"target\":[\"https:\/\/lasdehesillas.websmiexperto.com\/politicas-de-privacidad\/\"]}]},{\"@type\":\"BreadcrumbList\",\"@id\":\"https:\/\/lasdehesillas.websmiexperto.com\/politicas-de-privacidad\/#breadcrumb\",\"itemListElement\":[{\"@type\":\"ListItem\",\"position\":1,\"name\":\"Home\",\"item\":\"https:\/\/lasdehesillas.websmiexperto.com\/\"},{\"@type\":\"ListItem\",\"position\":2,\"name\":\"Pol\u00edticas de privacidad\"}]},{\"@type\":\"WebSite\",\"@id\":\"https:\/\/lasdehesillas.websmiexperto.com\/#website\",\"url\":\"https:\/\/lasdehesillas.websmiexperto.com\/\",\"name\":\"Las Dehesillas\",\"description\":\"Con\u00e9ctate con la naturaleza en nuestra \u00fanica yurta mongola.\",\"publisher\":{\"@id\":\"https:\/\/lasdehesillas.websmiexperto.com\/#organization\"},\"alternateName\":\"Las Dehesillas\",\"potentialAction\":[{\"@type\":\"SearchAction\",\"target\":{\"@type\":\"EntryPoint\",\"urlTemplate\":\"https:\/\/lasdehesillas.websmiexperto.com\/?s={search_term_string}\"},\"query-input\":{\"@type\":\"PropertyValueSpecification\",\"valueRequired\":true,\"valueName\":\"search_term_string\"}}],\"inLanguage\":\"en-US\"},{\"@type\":\"Organization\",\"@id\":\"https:\/\/lasdehesillas.websmiexperto.com\/#organization\",\"name\":\"Las Dehesillas\",\"alternateName\":\"Las Dehesillas\",\"url\":\"https:\/\/lasdehesillas.websmiexperto.com\/\",\"logo\":{\"@type\":\"ImageObject\",\"inLanguage\":\"en-US\",\"@id\":\"https:\/\/lasdehesillas.websmiexperto.com\/#\/schema\/logo\/image\/\",\"url\":\"https:\/\/lasdehesillas.websmiexperto.com\/wp-content\/uploads\/2024\/09\/cropped-Agregar-un-titulo-2.png\",\"contentUrl\":\"https:\/\/lasdehesillas.websmiexperto.com\/wp-content\/uploads\/2024\/09\/cropped-Agregar-un-titulo-2.png\",\"width\":1000,\"height\":287,\"caption\":\"Las Dehesillas\"},\"image\":{\"@id\":\"https:\/\/lasdehesillas.websmiexperto.com\/#\/schema\/logo\/image\/\"}}]}<\/script>\n<!-- \/ Yoast SEO plugin. -->","yoast_head_json":{"title":"Pol\u00edticas de privacidad - Las Dehesillas","robots":{"index":"index","follow":"follow","max-snippet":"max-snippet:-1","max-image-preview":"max-image-preview:large","max-video-preview":"max-video-preview:-1"},"canonical":"https:\/\/lasdehesillas.websmiexperto.com\/en\/politicas-de-privacidad\/","og_locale":"en_US","og_type":"article","og_title":"Pol\u00edticas de privacidad - Las Dehesillas","og_description":"Home \/ Pol\u00edticas de privacidad \/ Pol\u00edtica de privacidad En este documento te informamos de los motivos por los que recogemos tus datos personales, qu\u00e9 hacemos con dichos datos, qu\u00e9 derechos tienes y de qu\u00e9 forma puedes ejercerlos. Responsable de tus datos personales. Identidad: Lucia Mato Lardi\u00e9s 51115490Z Direcci\u00f3n: Madrid, Espa\u00f1a Tel\u00e9fono: 34660661311 E-mail: matolardieslucia@gmail.com [&hellip;]","og_url":"https:\/\/lasdehesillas.websmiexperto.com\/en\/politicas-de-privacidad\/","og_site_name":"Las Dehesillas","article_modified_time":"2025-08-25T17:31:06+00:00","twitter_card":"summary_large_image","twitter_misc":{"Est. reading time":"5 minutes"},"schema":{"@context":"https:\/\/schema.org","@graph":[{"@type":"WebPage","@id":"https:\/\/lasdehesillas.websmiexperto.com\/politicas-de-privacidad\/","url":"https:\/\/lasdehesillas.websmiexperto.com\/politicas-de-privacidad\/","name":"Pol\u00edticas de privacidad - Las Dehesillas","isPartOf":{"@id":"https:\/\/lasdehesillas.websmiexperto.com\/#website"},"datePublished":"2024-09-12T14:45:19+00:00","dateModified":"2025-08-25T17:31:06+00:00","breadcrumb":{"@id":"https:\/\/lasdehesillas.websmiexperto.com\/politicas-de-privacidad\/#breadcrumb"},"inLanguage":"en-US","potentialAction":[{"@type":"ReadAction","target":["https:\/\/lasdehesillas.websmiexperto.com\/politicas-de-privacidad\/"]}]},{"@type":"BreadcrumbList","@id":"https:\/\/lasdehesillas.websmiexperto.com\/politicas-de-privacidad\/#breadcrumb","itemListElement":[{"@type":"ListItem","position":1,"name":"Home","item":"https:\/\/lasdehesillas.websmiexperto.com\/"},{"@type":"ListItem","position":2,"name":"Pol\u00edticas de privacidad"}]},{"@type":"WebSite","@id":"https:\/\/lasdehesillas.websmiexperto.com\/#website","url":"https:\/\/lasdehesillas.websmiexperto.com\/","name":"Dehesillas","description":"Connect with nature in our one-of-a-kind Mongolian yurt.","publisher":{"@id":"https:\/\/lasdehesillas.websmiexperto.com\/#organization"},"alternateName":"Las Dehesillas","potentialAction":[{"@type":"SearchAction","target":{"@type":"EntryPoint","urlTemplate":"https:\/\/lasdehesillas.websmiexperto.com\/?s={search_term_string}"},"query-input":{"@type":"PropertyValueSpecification","valueRequired":true,"valueName":"search_term_string"}}],"inLanguage":"en-US"},{"@type":"Organization","@id":"https:\/\/lasdehesillas.websmiexperto.com\/#organization","name":"Dehesillas","alternateName":"Las Dehesillas","url":"https:\/\/lasdehesillas.websmiexperto.com\/","logo":{"@type":"ImageObject","inLanguage":"en-US","@id":"https:\/\/lasdehesillas.websmiexperto.com\/#\/schema\/logo\/image\/","url":"https:\/\/lasdehesillas.websmiexperto.com\/wp-content\/uploads\/2024\/09\/cropped-Agregar-un-titulo-2.png","contentUrl":"https:\/\/lasdehesillas.websmiexperto.com\/wp-content\/uploads\/2024\/09\/cropped-Agregar-un-titulo-2.png","width":1000,"height":287,"caption":"Las Dehesillas"},"image":{"@id":"https:\/\/lasdehesillas.websmiexperto.com\/#\/schema\/logo\/image\/"}}]}},"_links":{"self":[{"href":"https:\/\/lasdehesillas.websmiexperto.com\/en\/wp-json\/wp\/v2\/pages\/133","targetHints":{"allow":["GET"]}}],"collection":[{"href":"https:\/\/lasdehesillas.websmiexperto.com\/en\/wp-json\/wp\/v2\/pages"}],"about":[{"href":"https:\/\/lasdehesillas.websmiexperto.com\/en\/wp-json\/wp\/v2\/types\/page"}],"author":[{"embeddable":true,"href":"https:\/\/lasdehesillas.websmiexperto.com\/en\/wp-json\/wp\/v2\/users\/2"}],"replies":[{"embeddable":true,"href":"https:\/\/lasdehesillas.websmiexperto.com\/en\/wp-json\/wp\/v2\/comments?post=133"}],"version-history":[{"count":10,"href":"https:\/\/lasdehesillas.websmiexperto.com\/en\/wp-json\/wp\/v2\/pages\/133\/revisions"}],"predecessor-version":[{"id":360,"href":"https:\/\/lasdehesillas.websmiexperto.com\/en\/wp-json\/wp\/v2\/pages\/133\/revisions\/360"}],"wp:attachment":[{"href":"https:\/\/lasdehesillas.websmiexperto.com\/en\/wp-json\/wp\/v2\/media?parent=133"}],"curies":[{"name":"wp","href":"https:\/\/api.w.org\/{rel}","templated":true}]}}